{"id":3220,"date":"2024-05-23T11:54:17","date_gmt":"2024-05-23T09:54:17","guid":{"rendered":"https:\/\/occitaniecombi.fr\/?page_id=3220"},"modified":"2026-04-03T09:46:44","modified_gmt":"2026-04-03T07:46:44","slug":"trames-photos-a-personnaliser-pour-photobooth","status":"publish","type":"page","link":"https:\/\/occitaniecombi.fr\/index.php\/galerie-en-ligne-telechargez-ici-vos-photos-video-gif\/trames-photos-a-personnaliser-pour-photobooth\/","title":{"rendered":"Trames photos \u00e0 personnaliser pour Photo Booth"},"content":{"rendered":"\n\n\n<p class=\"has-text-align-center has-kubio-color-5-color has-text-color has-link-color wp-elements-4ebe34903a3c99e77575d8236da7c42a\" style=\"font-size:18px\"><strong>Choisissez votre style photo adapt\u00e9 \u00e0 votre \u00e9v\u00e8nement et nous le personnaliserons.<\/strong><\/p>\n\n\n\n\n\n<div style=\"height:33px\" aria-hidden=\"true\" class=\"wp-block-spacer\"><\/div>\n\n\n\n<div class=\"wp-block-cover is-light\" style=\"border-width:10px\"><img decoding=\"async\" class=\"wp-block-cover__image-background\" alt=\"\" src=\"blob:https:\/\/occitaniecombi.fr\/aa08fc0e-45a1-4a1d-b54c-2549929ab949\" style=\"object-position:27% 31%\" data-object-fit=\"cover\" data-object-position=\"27% 31%\"\/><span aria-hidden=\"true\" class=\"wp-block-cover__background has-background-dim-70 has-background-dim\" style=\"background-color:#d5f9c3\"><\/span><div class=\"wp-block-cover__inner-container is-layout-constrained wp-block-cover-is-layout-constrained\"><\/div><\/div>\n\n\n\n<div class=\"wp-block-cover is-light\" style=\"border-width:10px\"><img decoding=\"async\" class=\"wp-block-cover__image-background\" alt=\"\" src=\"blob:https:\/\/occitaniecombi.fr\/aa08fc0e-45a1-4a1d-b54c-2549929ab949\" style=\"object-position:27% 31%\" data-object-fit=\"cover\" data-object-position=\"27% 31%\"\/><span aria-hidden=\"true\" class=\"wp-block-cover__background has-background-dim-70 has-background-dim\" style=\"background-color:#ff9640\"><\/span><div class=\"wp-block-cover__inner-container is-layout-constrained wp-block-cover-is-layout-constrained\"><\/div><\/div>\n\n\n\n<div class=\"wp-block-cover is-light\" style=\"border-width:10px\"><img decoding=\"async\" class=\"wp-block-cover__image-background\" alt=\"\" src=\"blob:https:\/\/occitaniecombi.fr\/aa08fc0e-45a1-4a1d-b54c-2549929ab949\" style=\"object-position:27% 31%\" data-object-fit=\"cover\" data-object-position=\"27% 31%\"\/><span aria-hidden=\"true\" class=\"wp-block-cover__background has-background-dim-70 has-background-dim\" style=\"background-color:#fbcd40\"><\/span><div class=\"wp-block-cover__inner-container is-layout-constrained wp-block-cover-is-layout-constrained\"><\/div><\/div>\n\n\n\n<div class=\"wp-block-cover is-light\" style=\"border-width:10px\"><img decoding=\"async\" class=\"wp-block-cover__image-background\" alt=\"\" src=\"blob:https:\/\/occitaniecombi.fr\/aa08fc0e-45a1-4a1d-b54c-2549929ab949\" style=\"object-position:27% 31%\" data-object-fit=\"cover\" data-object-position=\"27% 31%\"\/><span aria-hidden=\"true\" class=\"wp-block-cover__background has-background-dim-70 has-background-dim\" style=\"background-color:#f45151\"><\/span><div class=\"wp-block-cover__inner-container is-layout-constrained wp-block-cover-is-layout-constrained\"><\/div><\/div>\n\n\n\n\n\n\n\n<p class=\"has-text-align-center\"><\/p>\n","protected":false},"excerpt":{"rendered":"<p>Choisissez votre style photo adapt\u00e9 \u00e0 votre \u00e9v\u00e8nement et nous le personnaliserons.<\/p>\n","protected":false},"author":1,"featured_media":5199,"parent":3444,"menu_order":1,"comment_status":"closed","ping_status":"closed","template":"","meta":{"saved_in_kubio":true,"om_disable_all_campaigns":false,"_monsterinsights_skip_tracking":false,"_monsterinsights_sitenote_active":false,"_monsterinsights_sitenote_note":"","_monsterinsights_sitenote_category":0,"_uf_show_specific_survey":0,"_uf_disable_surveys":false,"footnotes":"[]"},"class_list":["post-3220","page","type-page","status-publish","has-post-thumbnail","hentry"],"aioseo_notices":[],"kubio_ai_page_context":{"short_desc":"","purpose":"general"},"yoast_head":"<!-- This site is optimized with the Yoast SEO plugin v27.4 - https:\/\/yoast.com\/product\/yoast-seo-wordpress\/ -->\n<title>Trames photos \u00e0 personnaliser pour Photo Booth - OCCITANIE COMBI<\/title>\n<meta name=\"description\" content=\"vous pouvez choisir sur cette page sp\u00e9cialement d\u00e9di\u00e9e aux clients Occitanie combi location votre trame photo \u00e0 personnaliser (template)\" \/>\n<meta name=\"robots\" content=\"index, follow, max-snippet:-1, max-image-preview:large, max-video-preview:-1\" \/>\n<link rel=\"canonical\" href=\"https:\/\/occitaniecombi.fr\/index.php\/galerie-en-ligne-telechargez-ici-vos-photos-video-gif\/trames-photos-a-personnaliser-pour-photobooth\/\" \/>\n<meta property=\"og:locale\" content=\"fr_FR\" \/>\n<meta property=\"og:type\" content=\"article\" \/>\n<meta property=\"og:title\" content=\"Trames photos \u00e0 personnaliser pour Photo Booth - OCCITANIE COMBI\" \/>\n<meta property=\"og:description\" content=\"vous pouvez choisir sur cette page sp\u00e9cialement d\u00e9di\u00e9e aux clients Occitanie combi location votre trame photo \u00e0 personnaliser (template)\" \/>\n<meta property=\"og:url\" content=\"https:\/\/occitaniecombi.fr\/index.php\/galerie-en-ligne-telechargez-ici-vos-photos-video-gif\/trames-photos-a-personnaliser-pour-photobooth\/\" \/>\n<meta property=\"og:site_name\" content=\"OCCITANIE COMBI\" \/>\n<meta property=\"article:publisher\" content=\"https:\/\/www.facebook.com\/OccitanieCombi\" \/>\n<meta property=\"article:modified_time\" content=\"2026-04-03T07:46:44+00:00\" \/>\n<meta property=\"og:image\" content=\"https:\/\/occitaniecombi.fr\/wp-content\/uploads\/2025\/10\/TEMPLATE-MON-MARIAGE.jpg\" \/>\n\t<meta property=\"og:image:width\" content=\"1200\" \/>\n\t<meta property=\"og:image:height\" content=\"1800\" \/>\n\t<meta property=\"og:image:type\" content=\"image\/jpeg\" \/>\n<meta name=\"twitter:card\" content=\"summary_large_image\" \/>\n<script type=\"application\/ld+json\" class=\"yoast-schema-graph\">{\"@context\":\"https:\\\/\\\/schema.org\",\"@graph\":[{\"@type\":\"WebPage\",\"@id\":\"https:\\\/\\\/occitaniecombi.fr\\\/index.php\\\/galerie-en-ligne-telechargez-ici-vos-photos-video-gif\\\/trames-photos-a-personnaliser-pour-photobooth\\\/\",\"url\":\"https:\\\/\\\/occitaniecombi.fr\\\/index.php\\\/galerie-en-ligne-telechargez-ici-vos-photos-video-gif\\\/trames-photos-a-personnaliser-pour-photobooth\\\/\",\"name\":\"Trames photos \u00e0 personnaliser pour Photo Booth - OCCITANIE COMBI\",\"isPartOf\":{\"@id\":\"https:\\\/\\\/occitaniecombi.fr\\\/#website\"},\"primaryImageOfPage\":{\"@id\":\"https:\\\/\\\/occitaniecombi.fr\\\/index.php\\\/galerie-en-ligne-telechargez-ici-vos-photos-video-gif\\\/trames-photos-a-personnaliser-pour-photobooth\\\/#primaryimage\"},\"image\":{\"@id\":\"https:\\\/\\\/occitaniecombi.fr\\\/index.php\\\/galerie-en-ligne-telechargez-ici-vos-photos-video-gif\\\/trames-photos-a-personnaliser-pour-photobooth\\\/#primaryimage\"},\"thumbnailUrl\":\"https:\\\/\\\/occitaniecombi.fr\\\/wp-content\\\/uploads\\\/2025\\\/10\\\/TEMPLATE-MON-MARIAGE.jpg\",\"datePublished\":\"2024-05-23T09:54:17+00:00\",\"dateModified\":\"2026-04-03T07:46:44+00:00\",\"description\":\"vous pouvez choisir sur cette page sp\u00e9cialement d\u00e9di\u00e9e aux clients Occitanie combi location votre trame photo \u00e0 personnaliser (template)\",\"breadcrumb\":{\"@id\":\"https:\\\/\\\/occitaniecombi.fr\\\/index.php\\\/galerie-en-ligne-telechargez-ici-vos-photos-video-gif\\\/trames-photos-a-personnaliser-pour-photobooth\\\/#breadcrumb\"},\"inLanguage\":\"fr-FR\",\"potentialAction\":[{\"@type\":\"ReadAction\",\"target\":[\"https:\\\/\\\/occitaniecombi.fr\\\/index.php\\\/galerie-en-ligne-telechargez-ici-vos-photos-video-gif\\\/trames-photos-a-personnaliser-pour-photobooth\\\/\"]}]},{\"@type\":\"ImageObject\",\"inLanguage\":\"fr-FR\",\"@id\":\"https:\\\/\\\/occitaniecombi.fr\\\/index.php\\\/galerie-en-ligne-telechargez-ici-vos-photos-video-gif\\\/trames-photos-a-personnaliser-pour-photobooth\\\/#primaryimage\",\"url\":\"https:\\\/\\\/occitaniecombi.fr\\\/wp-content\\\/uploads\\\/2025\\\/10\\\/TEMPLATE-MON-MARIAGE.jpg\",\"contentUrl\":\"https:\\\/\\\/occitaniecombi.fr\\\/wp-content\\\/uploads\\\/2025\\\/10\\\/TEMPLATE-MON-MARIAGE.jpg\",\"width\":1200,\"height\":1800,\"caption\":\"PHOTOBOOTH MARIAGE LIVRE D OR VIDEO TARN ET GARONNE AVEYRON LOT TARN\"},{\"@type\":\"BreadcrumbList\",\"@id\":\"https:\\\/\\\/occitaniecombi.fr\\\/index.php\\\/galerie-en-ligne-telechargez-ici-vos-photos-video-gif\\\/trames-photos-a-personnaliser-pour-photobooth\\\/#breadcrumb\",\"itemListElement\":[{\"@type\":\"ListItem\",\"position\":1,\"name\":\"Occitanie Combi Location\",\"item\":\"https:\\\/\\\/occitaniecombi.fr\\\/\"},{\"@type\":\"ListItem\",\"position\":2,\"name\":\"Galerie Photos\",\"item\":\"https:\\\/\\\/occitaniecombi.fr\\\/index.php\\\/galerie-en-ligne-telechargez-ici-vos-photos-video-gif\\\/\"},{\"@type\":\"ListItem\",\"position\":3,\"name\":\"Trames photos \u00e0 personnaliser pour Photo Booth\"}]},{\"@type\":\"WebSite\",\"@id\":\"https:\\\/\\\/occitaniecombi.fr\\\/#website\",\"url\":\"https:\\\/\\\/occitaniecombi.fr\\\/\",\"name\":\"Occitanie Combi\",\"description\":\"Location Ev\u00e8nementiel &amp; Mariage \",\"publisher\":{\"@id\":\"https:\\\/\\\/occitaniecombi.fr\\\/#organization\"},\"potentialAction\":[{\"@type\":\"SearchAction\",\"target\":{\"@type\":\"EntryPoint\",\"urlTemplate\":\"https:\\\/\\\/occitaniecombi.fr\\\/?s={search_term_string}\"},\"query-input\":{\"@type\":\"PropertyValueSpecification\",\"valueRequired\":true,\"valueName\":\"search_term_string\"}}],\"inLanguage\":\"fr-FR\"},{\"@type\":\"Organization\",\"@id\":\"https:\\\/\\\/occitaniecombi.fr\\\/#organization\",\"name\":\"Occitanie Combi\",\"url\":\"https:\\\/\\\/occitaniecombi.fr\\\/\",\"logo\":{\"@type\":\"ImageObject\",\"inLanguage\":\"fr-FR\",\"@id\":\"https:\\\/\\\/occitaniecombi.fr\\\/#\\\/schema\\\/logo\\\/image\\\/\",\"url\":\"https:\\\/\\\/occitaniecombi.fr\\\/wp-content\\\/uploads\\\/2024\\\/01\\\/logo-oc-BASE.png\",\"contentUrl\":\"https:\\\/\\\/occitaniecombi.fr\\\/wp-content\\\/uploads\\\/2024\\\/01\\\/logo-oc-BASE.png\",\"width\":1024,\"height\":768,\"caption\":\"Occitanie Combi\"},\"image\":{\"@id\":\"https:\\\/\\\/occitaniecombi.fr\\\/#\\\/schema\\\/logo\\\/image\\\/\"},\"sameAs\":[\"https:\\\/\\\/www.facebook.com\\\/OccitanieCombi\",\"https:\\\/\\\/www.instagram.com\\\/occitaniecombi\\\/\",\"https:\\\/\\\/www.mariages.net\\\/voiture-mariage\\\/occitanie-combi--e270663\"]}]}<\/script>\n<!-- \/ Yoast SEO plugin. -->","yoast_head_json":{"title":"Trames photos \u00e0 personnaliser pour Photo Booth - OCCITANIE COMBI","description":"vous pouvez choisir sur cette page sp\u00e9cialement d\u00e9di\u00e9e aux clients Occitanie combi location votre trame photo \u00e0 personnaliser (template)","robots":{"index":"index","follow":"follow","max-snippet":"max-snippet:-1","max-image-preview":"max-image-preview:large","max-video-preview":"max-video-preview:-1"},"canonical":"https:\/\/occitaniecombi.fr\/index.php\/galerie-en-ligne-telechargez-ici-vos-photos-video-gif\/trames-photos-a-personnaliser-pour-photobooth\/","og_locale":"fr_FR","og_type":"article","og_title":"Trames photos \u00e0 personnaliser pour Photo Booth - OCCITANIE COMBI","og_description":"vous pouvez choisir sur cette page sp\u00e9cialement d\u00e9di\u00e9e aux clients Occitanie combi location votre trame photo \u00e0 personnaliser (template)","og_url":"https:\/\/occitaniecombi.fr\/index.php\/galerie-en-ligne-telechargez-ici-vos-photos-video-gif\/trames-photos-a-personnaliser-pour-photobooth\/","og_site_name":"OCCITANIE COMBI","article_publisher":"https:\/\/www.facebook.com\/OccitanieCombi","article_modified_time":"2026-04-03T07:46:44+00:00","og_image":[{"width":1200,"height":1800,"url":"https:\/\/occitaniecombi.fr\/wp-content\/uploads\/2025\/10\/TEMPLATE-MON-MARIAGE.jpg","type":"image\/jpeg"}],"twitter_card":"summary_large_image","schema":{"@context":"https:\/\/schema.org","@graph":[{"@type":"WebPage","@id":"https:\/\/occitaniecombi.fr\/index.php\/galerie-en-ligne-telechargez-ici-vos-photos-video-gif\/trames-photos-a-personnaliser-pour-photobooth\/","url":"https:\/\/occitaniecombi.fr\/index.php\/galerie-en-ligne-telechargez-ici-vos-photos-video-gif\/trames-photos-a-personnaliser-pour-photobooth\/","name":"Trames photos \u00e0 personnaliser pour Photo Booth - OCCITANIE COMBI","isPartOf":{"@id":"https:\/\/occitaniecombi.fr\/#website"},"primaryImageOfPage":{"@id":"https:\/\/occitaniecombi.fr\/index.php\/galerie-en-ligne-telechargez-ici-vos-photos-video-gif\/trames-photos-a-personnaliser-pour-photobooth\/#primaryimage"},"image":{"@id":"https:\/\/occitaniecombi.fr\/index.php\/galerie-en-ligne-telechargez-ici-vos-photos-video-gif\/trames-photos-a-personnaliser-pour-photobooth\/#primaryimage"},"thumbnailUrl":"https:\/\/occitaniecombi.fr\/wp-content\/uploads\/2025\/10\/TEMPLATE-MON-MARIAGE.jpg","datePublished":"2024-05-23T09:54:17+00:00","dateModified":"2026-04-03T07:46:44+00:00","description":"vous pouvez choisir sur cette page sp\u00e9cialement d\u00e9di\u00e9e aux clients Occitanie combi location votre trame photo \u00e0 personnaliser (template)","breadcrumb":{"@id":"https:\/\/occitaniecombi.fr\/index.php\/galerie-en-ligne-telechargez-ici-vos-photos-video-gif\/trames-photos-a-personnaliser-pour-photobooth\/#breadcrumb"},"inLanguage":"fr-FR","potentialAction":[{"@type":"ReadAction","target":["https:\/\/occitaniecombi.fr\/index.php\/galerie-en-ligne-telechargez-ici-vos-photos-video-gif\/trames-photos-a-personnaliser-pour-photobooth\/"]}]},{"@type":"ImageObject","inLanguage":"fr-FR","@id":"https:\/\/occitaniecombi.fr\/index.php\/galerie-en-ligne-telechargez-ici-vos-photos-video-gif\/trames-photos-a-personnaliser-pour-photobooth\/#primaryimage","url":"https:\/\/occitaniecombi.fr\/wp-content\/uploads\/2025\/10\/TEMPLATE-MON-MARIAGE.jpg","contentUrl":"https:\/\/occitaniecombi.fr\/wp-content\/uploads\/2025\/10\/TEMPLATE-MON-MARIAGE.jpg","width":1200,"height":1800,"caption":"PHOTOBOOTH MARIAGE LIVRE D OR VIDEO TARN ET GARONNE AVEYRON LOT TARN"},{"@type":"BreadcrumbList","@id":"https:\/\/occitaniecombi.fr\/index.php\/galerie-en-ligne-telechargez-ici-vos-photos-video-gif\/trames-photos-a-personnaliser-pour-photobooth\/#breadcrumb","itemListElement":[{"@type":"ListItem","position":1,"name":"Occitanie Combi Location","item":"https:\/\/occitaniecombi.fr\/"},{"@type":"ListItem","position":2,"name":"Galerie Photos","item":"https:\/\/occitaniecombi.fr\/index.php\/galerie-en-ligne-telechargez-ici-vos-photos-video-gif\/"},{"@type":"ListItem","position":3,"name":"Trames photos \u00e0 personnaliser pour Photo Booth"}]},{"@type":"WebSite","@id":"https:\/\/occitaniecombi.fr\/#website","url":"https:\/\/occitaniecombi.fr\/","name":"Occitanie Combi","description":"Location Ev\u00e8nementiel &amp; Mariage ","publisher":{"@id":"https:\/\/occitaniecombi.fr\/#organization"},"potentialAction":[{"@type":"SearchAction","target":{"@type":"EntryPoint","urlTemplate":"https:\/\/occitaniecombi.fr\/?s={search_term_string}"},"query-input":{"@type":"PropertyValueSpecification","valueRequired":true,"valueName":"search_term_string"}}],"inLanguage":"fr-FR"},{"@type":"Organization","@id":"https:\/\/occitaniecombi.fr\/#organization","name":"Occitanie Combi","url":"https:\/\/occitaniecombi.fr\/","logo":{"@type":"ImageObject","inLanguage":"fr-FR","@id":"https:\/\/occitaniecombi.fr\/#\/schema\/logo\/image\/","url":"https:\/\/occitaniecombi.fr\/wp-content\/uploads\/2024\/01\/logo-oc-BASE.png","contentUrl":"https:\/\/occitaniecombi.fr\/wp-content\/uploads\/2024\/01\/logo-oc-BASE.png","width":1024,"height":768,"caption":"Occitanie Combi"},"image":{"@id":"https:\/\/occitaniecombi.fr\/#\/schema\/logo\/image\/"},"sameAs":["https:\/\/www.facebook.com\/OccitanieCombi","https:\/\/www.instagram.com\/occitaniecombi\/","https:\/\/www.mariages.net\/voiture-mariage\/occitanie-combi--e270663"]}]}},"_links":{"self":[{"href":"https:\/\/occitaniecombi.fr\/index.php\/wp-json\/wp\/v2\/pages\/3220","targetHints":{"allow":["GET"]}}],"collection":[{"href":"https:\/\/occitaniecombi.fr\/index.php\/wp-json\/wp\/v2\/pages"}],"about":[{"href":"https:\/\/occitaniecombi.fr\/index.php\/wp-json\/wp\/v2\/types\/page"}],"author":[{"embeddable":true,"href":"https:\/\/occitaniecombi.fr\/index.php\/wp-json\/wp\/v2\/users\/1"}],"replies":[{"embeddable":true,"href":"https:\/\/occitaniecombi.fr\/index.php\/wp-json\/wp\/v2\/comments?post=3220"}],"version-history":[{"count":118,"href":"https:\/\/occitaniecombi.fr\/index.php\/wp-json\/wp\/v2\/pages\/3220\/revisions"}],"predecessor-version":[{"id":6060,"href":"https:\/\/occitaniecombi.fr\/index.php\/wp-json\/wp\/v2\/pages\/3220\/revisions\/6060"}],"up":[{"embeddable":true,"href":"https:\/\/occitaniecombi.fr\/index.php\/wp-json\/wp\/v2\/pages\/3444"}],"wp:featuredmedia":[{"embeddable":true,"href":"https:\/\/occitaniecombi.fr\/index.php\/wp-json\/wp\/v2\/media\/5199"}],"wp:attachment":[{"href":"https:\/\/occitaniecombi.fr\/index.php\/wp-json\/wp\/v2\/media?parent=3220"}],"curies":[{"name":"wp","href":"https:\/\/api.w.org\/{rel}","templated":true}]}}