{"id":5815,"date":"2026-02-19T11:41:58","date_gmt":"2026-02-19T10:41:58","guid":{"rendered":"https:\/\/occitaniecombi.fr\/?page_id=5815"},"modified":"2026-02-19T16:32:16","modified_gmt":"2026-02-19T15:32:16","slug":"eden-combi-vw-blanc-lotus-mariage-occitanie","status":"publish","type":"page","link":"https:\/\/occitaniecombi.fr\/index.php\/eden-combi-vw-blanc-lotus-mariage-occitanie\/","title":{"rendered":"Combi VW Blanc Lotus Voiture de Mariage"},"content":{"rendered":"\n\n\n\n\n\n\n\n","protected":false},"excerpt":{"rendered":"","protected":false},"author":1,"featured_media":0,"parent":0,"menu_order":0,"comment_status":"closed","ping_status":"closed","template":"full-width","meta":{"saved_in_kubio":true,"om_disable_all_campaigns":false,"_monsterinsights_skip_tracking":false,"_monsterinsights_sitenote_active":false,"_monsterinsights_sitenote_note":"","_monsterinsights_sitenote_category":0,"_uf_show_specific_survey":0,"_uf_disable_surveys":false,"footnotes":""},"class_list":["post-5815","page","type-page","status-publish","hentry"],"aioseo_notices":[],"kubio_ai_page_context":{"short_desc":"","purpose":"general"},"yoast_head":"<!-- This site is optimized with the Yoast SEO plugin v27.3 - https:\/\/yoast.com\/product\/yoast-seo-wordpress\/ -->\n<title>Combi VW Blanc Lotus Voiture de Mariage - OCCITANIE COMBI<\/title>\n<meta name=\"description\" content=\"Voiture de mariage en Combi VW Blanc Lotus - Animation Combi Photobooth avec un Live d&#039;or vid\u00e9o. Une prestation premium, unique et \u00e9l\u00e9gante.\" \/>\n<meta name=\"robots\" content=\"index, follow, max-snippet:-1, max-image-preview:large, max-video-preview:-1\" \/>\n<link rel=\"canonical\" href=\"https:\/\/occitaniecombi.fr\/index.php\/eden-combi-vw-blanc-lotus-mariage-occitanie\/\" \/>\n<meta property=\"og:locale\" content=\"fr_FR\" \/>\n<meta property=\"og:type\" content=\"article\" \/>\n<meta property=\"og:title\" content=\"Combi VW Blanc Lotus Voiture de Mariage - OCCITANIE COMBI\" \/>\n<meta property=\"og:description\" content=\"Voiture de mariage en Combi VW Blanc Lotus - Animation Combi Photobooth avec un Live d&#039;or vid\u00e9o. Une prestation premium, unique et \u00e9l\u00e9gante.\" \/>\n<meta property=\"og:url\" content=\"https:\/\/occitaniecombi.fr\/index.php\/eden-combi-vw-blanc-lotus-mariage-occitanie\/\" \/>\n<meta property=\"og:site_name\" content=\"OCCITANIE COMBI\" \/>\n<meta property=\"article:publisher\" content=\"https:\/\/www.facebook.com\/OccitanieCombi\" \/>\n<meta property=\"article:modified_time\" content=\"2026-02-19T15:32:16+00:00\" \/>\n<meta name=\"twitter:card\" content=\"summary_large_image\" \/>\n<script type=\"application\/ld+json\" class=\"yoast-schema-graph\">{\"@context\":\"https:\\\/\\\/schema.org\",\"@graph\":[{\"@type\":\"WebPage\",\"@id\":\"https:\\\/\\\/occitaniecombi.fr\\\/index.php\\\/eden-combi-vw-blanc-lotus-mariage-occitanie\\\/\",\"url\":\"https:\\\/\\\/occitaniecombi.fr\\\/index.php\\\/eden-combi-vw-blanc-lotus-mariage-occitanie\\\/\",\"name\":\"Combi VW Blanc Lotus Voiture de Mariage - OCCITANIE COMBI\",\"isPartOf\":{\"@id\":\"https:\\\/\\\/occitaniecombi.fr\\\/#website\"},\"datePublished\":\"2026-02-19T10:41:58+00:00\",\"dateModified\":\"2026-02-19T15:32:16+00:00\",\"description\":\"Voiture de mariage en Combi VW Blanc Lotus - Animation Combi Photobooth avec un Live d'or vid\u00e9o. Une prestation premium, unique et \u00e9l\u00e9gante.\",\"breadcrumb\":{\"@id\":\"https:\\\/\\\/occitaniecombi.fr\\\/index.php\\\/eden-combi-vw-blanc-lotus-mariage-occitanie\\\/#breadcrumb\"},\"inLanguage\":\"fr-FR\",\"potentialAction\":[{\"@type\":\"ReadAction\",\"target\":[\"https:\\\/\\\/occitaniecombi.fr\\\/index.php\\\/eden-combi-vw-blanc-lotus-mariage-occitanie\\\/\"]}]},{\"@type\":\"BreadcrumbList\",\"@id\":\"https:\\\/\\\/occitaniecombi.fr\\\/index.php\\\/eden-combi-vw-blanc-lotus-mariage-occitanie\\\/#breadcrumb\",\"itemListElement\":[{\"@type\":\"ListItem\",\"position\":1,\"name\":\"Occitanie Combi Location\",\"item\":\"https:\\\/\\\/occitaniecombi.fr\\\/\"},{\"@type\":\"ListItem\",\"position\":2,\"name\":\"Combi VW Blanc Lotus Voiture de Mariage\"}]},{\"@type\":\"WebSite\",\"@id\":\"https:\\\/\\\/occitaniecombi.fr\\\/#website\",\"url\":\"https:\\\/\\\/occitaniecombi.fr\\\/\",\"name\":\"Occitanie Combi\",\"description\":\"Location Ev\u00e8nementiel &amp; Mariage \",\"publisher\":{\"@id\":\"https:\\\/\\\/occitaniecombi.fr\\\/#organization\"},\"potentialAction\":[{\"@type\":\"SearchAction\",\"target\":{\"@type\":\"EntryPoint\",\"urlTemplate\":\"https:\\\/\\\/occitaniecombi.fr\\\/?s={search_term_string}\"},\"query-input\":{\"@type\":\"PropertyValueSpecification\",\"valueRequired\":true,\"valueName\":\"search_term_string\"}}],\"inLanguage\":\"fr-FR\"},{\"@type\":\"Organization\",\"@id\":\"https:\\\/\\\/occitaniecombi.fr\\\/#organization\",\"name\":\"Occitanie Combi\",\"url\":\"https:\\\/\\\/occitaniecombi.fr\\\/\",\"logo\":{\"@type\":\"ImageObject\",\"inLanguage\":\"fr-FR\",\"@id\":\"https:\\\/\\\/occitaniecombi.fr\\\/#\\\/schema\\\/logo\\\/image\\\/\",\"url\":\"https:\\\/\\\/occitaniecombi.fr\\\/wp-content\\\/uploads\\\/2024\\\/01\\\/logo-oc-BASE.png\",\"contentUrl\":\"https:\\\/\\\/occitaniecombi.fr\\\/wp-content\\\/uploads\\\/2024\\\/01\\\/logo-oc-BASE.png\",\"width\":1024,\"height\":768,\"caption\":\"Occitanie Combi\"},\"image\":{\"@id\":\"https:\\\/\\\/occitaniecombi.fr\\\/#\\\/schema\\\/logo\\\/image\\\/\"},\"sameAs\":[\"https:\\\/\\\/www.facebook.com\\\/OccitanieCombi\",\"https:\\\/\\\/www.instagram.com\\\/occitaniecombi\\\/\",\"https:\\\/\\\/www.mariages.net\\\/voiture-mariage\\\/occitanie-combi--e270663\"]}]}<\/script>\n<!-- \/ Yoast SEO plugin. -->","yoast_head_json":{"title":"Combi VW Blanc Lotus Voiture de Mariage - OCCITANIE COMBI","description":"Voiture de mariage en Combi VW Blanc Lotus - Animation Combi Photobooth avec un Live d'or vid\u00e9o. Une prestation premium, unique et \u00e9l\u00e9gante.","robots":{"index":"index","follow":"follow","max-snippet":"max-snippet:-1","max-image-preview":"max-image-preview:large","max-video-preview":"max-video-preview:-1"},"canonical":"https:\/\/occitaniecombi.fr\/index.php\/eden-combi-vw-blanc-lotus-mariage-occitanie\/","og_locale":"fr_FR","og_type":"article","og_title":"Combi VW Blanc Lotus Voiture de Mariage - OCCITANIE COMBI","og_description":"Voiture de mariage en Combi VW Blanc Lotus - Animation Combi Photobooth avec un Live d'or vid\u00e9o. Une prestation premium, unique et \u00e9l\u00e9gante.","og_url":"https:\/\/occitaniecombi.fr\/index.php\/eden-combi-vw-blanc-lotus-mariage-occitanie\/","og_site_name":"OCCITANIE COMBI","article_publisher":"https:\/\/www.facebook.com\/OccitanieCombi","article_modified_time":"2026-02-19T15:32:16+00:00","twitter_card":"summary_large_image","schema":{"@context":"https:\/\/schema.org","@graph":[{"@type":"WebPage","@id":"https:\/\/occitaniecombi.fr\/index.php\/eden-combi-vw-blanc-lotus-mariage-occitanie\/","url":"https:\/\/occitaniecombi.fr\/index.php\/eden-combi-vw-blanc-lotus-mariage-occitanie\/","name":"Combi VW Blanc Lotus Voiture de Mariage - OCCITANIE COMBI","isPartOf":{"@id":"https:\/\/occitaniecombi.fr\/#website"},"datePublished":"2026-02-19T10:41:58+00:00","dateModified":"2026-02-19T15:32:16+00:00","description":"Voiture de mariage en Combi VW Blanc Lotus - Animation Combi Photobooth avec un Live d'or vid\u00e9o. Une prestation premium, unique et \u00e9l\u00e9gante.","breadcrumb":{"@id":"https:\/\/occitaniecombi.fr\/index.php\/eden-combi-vw-blanc-lotus-mariage-occitanie\/#breadcrumb"},"inLanguage":"fr-FR","potentialAction":[{"@type":"ReadAction","target":["https:\/\/occitaniecombi.fr\/index.php\/eden-combi-vw-blanc-lotus-mariage-occitanie\/"]}]},{"@type":"BreadcrumbList","@id":"https:\/\/occitaniecombi.fr\/index.php\/eden-combi-vw-blanc-lotus-mariage-occitanie\/#breadcrumb","itemListElement":[{"@type":"ListItem","position":1,"name":"Occitanie Combi Location","item":"https:\/\/occitaniecombi.fr\/"},{"@type":"ListItem","position":2,"name":"Combi VW Blanc Lotus Voiture de Mariage"}]},{"@type":"WebSite","@id":"https:\/\/occitaniecombi.fr\/#website","url":"https:\/\/occitaniecombi.fr\/","name":"Occitanie Combi","description":"Location Ev\u00e8nementiel &amp; Mariage ","publisher":{"@id":"https:\/\/occitaniecombi.fr\/#organization"},"potentialAction":[{"@type":"SearchAction","target":{"@type":"EntryPoint","urlTemplate":"https:\/\/occitaniecombi.fr\/?s={search_term_string}"},"query-input":{"@type":"PropertyValueSpecification","valueRequired":true,"valueName":"search_term_string"}}],"inLanguage":"fr-FR"},{"@type":"Organization","@id":"https:\/\/occitaniecombi.fr\/#organization","name":"Occitanie Combi","url":"https:\/\/occitaniecombi.fr\/","logo":{"@type":"ImageObject","inLanguage":"fr-FR","@id":"https:\/\/occitaniecombi.fr\/#\/schema\/logo\/image\/","url":"https:\/\/occitaniecombi.fr\/wp-content\/uploads\/2024\/01\/logo-oc-BASE.png","contentUrl":"https:\/\/occitaniecombi.fr\/wp-content\/uploads\/2024\/01\/logo-oc-BASE.png","width":1024,"height":768,"caption":"Occitanie Combi"},"image":{"@id":"https:\/\/occitaniecombi.fr\/#\/schema\/logo\/image\/"},"sameAs":["https:\/\/www.facebook.com\/OccitanieCombi","https:\/\/www.instagram.com\/occitaniecombi\/","https:\/\/www.mariages.net\/voiture-mariage\/occitanie-combi--e270663"]}]}},"_links":{"self":[{"href":"https:\/\/occitaniecombi.fr\/index.php\/wp-json\/wp\/v2\/pages\/5815","targetHints":{"allow":["GET"]}}],"collection":[{"href":"https:\/\/occitaniecombi.fr\/index.php\/wp-json\/wp\/v2\/pages"}],"about":[{"href":"https:\/\/occitaniecombi.fr\/index.php\/wp-json\/wp\/v2\/types\/page"}],"author":[{"embeddable":true,"href":"https:\/\/occitaniecombi.fr\/index.php\/wp-json\/wp\/v2\/users\/1"}],"replies":[{"embeddable":true,"href":"https:\/\/occitaniecombi.fr\/index.php\/wp-json\/wp\/v2\/comments?post=5815"}],"version-history":[{"count":17,"href":"https:\/\/occitaniecombi.fr\/index.php\/wp-json\/wp\/v2\/pages\/5815\/revisions"}],"predecessor-version":[{"id":5908,"href":"https:\/\/occitaniecombi.fr\/index.php\/wp-json\/wp\/v2\/pages\/5815\/revisions\/5908"}],"wp:attachment":[{"href":"https:\/\/occitaniecombi.fr\/index.php\/wp-json\/wp\/v2\/media?parent=5815"}],"curies":[{"name":"wp","href":"https:\/\/api.w.org\/{rel}","templated":true}]}}